{"id":2715,"date":"2020-11-18T11:24:48","date_gmt":"2020-11-18T09:24:48","guid":{"rendered":"https:\/\/www.impulsevent.com\/home2020-copy\/"},"modified":"2020-11-24T11:48:58","modified_gmt":"2020-11-24T09:48:58","slug":"digitalevents","status":"publish","type":"page","link":"https:\/\/www.impulsevent.com\/en\/digitalevents\/","title":{"rendered":"Next Level <br>Remote Events  Kopieren"},"content":{"rendered":"<div class='content-column one_half'><p>Neue Situationen erfordern Flexibilit\u00e4t und angepasste Ma\u00dfnahmen. Nutzen Sie die M\u00f6glichkeiten, die Ihnen innovative, <strong>digitale Informationsformate<\/strong> bieten. Wir beraten Sie dabei gern.<\/p>\n<p>Online Plattformen transportieren ihre Unternehmensbotschaft zielgerichtet und erlauben es auch auf Distanz einmalige Erlebnisse zu produzieren.<\/p>\n<p>Wir helfen Ihnen das richtige Format zu finden und die f\u00fcr Sie effektivsten Tools zur Umsetzung auszuw\u00e4hlen. Wir sind Ihnen dabei behilflich die technischen Abl\u00e4ufe in die richtige Reihenfolge zu bringen und umzusetzen, um Ihre Mitarbeiter und\/oder Kunden mit neuen innovativen Formaten zu begeistern.<\/p><\/div>\n<div class='content-column one_half'><p>Die Vorplanung, Auswahl der Methodik und der technischen Dienstleister begleiten wir ebenso wie das Remote-Event selbst.<\/p>\n<p>Ob Teambuilding-Aktionen in einem Zeitrahmen von 1-2 Stunden bieten wir Ihnen auch ganzheitliche Pakete f\u00fcr virtuelle und internationale Konferenzen als <strong>zukunftsorientiertes Digitalevent.<\/strong><\/p><\/div>\n<div class='content-column full_width'><h2>Unsere Leistungen<\/h2><\/div>\n<div class='content-column one_third'><p><img fetchpriority=\"high\" decoding=\"async\" width=\"600\" height=\"400\" class=\"aligncenter wp-image-2615 size-full\" src=\"\/wp-content\/uploads\/2020\/11\/impuls-event-teamevent.jpg\" alt=\"Conference\" \/><\/p>\n<p style=\"text-align: center !important;\"><strong>TEAMEVENT<\/strong><\/p><\/div>\n<div class='content-column one_third'><p><img decoding=\"async\" width=\"600\" height=\"400\" class=\"aligncenter wp-image-2614 size-full\" src=\"\/wp-content\/uploads\/2020\/11\/impuls-event-coference.jpg\" alt=\"Conference\" \/><\/p>\n<p style=\"text-align: center !important;\"><strong>CONFERENCE<\/strong><\/p><\/div>\n<div class='content-column one_third'><p><img decoding=\"async\" width=\"600\" height=\"400\" class=\"aligncenter wp-image-2616 size-full\" src=\"\/wp-content\/uploads\/2020\/11\/impuls-event-virtuelle-meetings.jpg\" alt=\"kleinebilder-impulsev-sport\" \/><\/p>\n<p style=\"text-align: center !important;\"><strong>VIRTUELLE MEETINGS ALLER ART<\/strong><\/p><\/div>\n","protected":false},"excerpt":{"rendered":"","protected":false},"author":1,"featured_media":0,"parent":0,"menu_order":1,"comment_status":"open","ping_status":"open","template":"home-page.php","meta":{"footnotes":""},"yoast_head":"<!-- This site is optimized with the Yoast SEO plugin v21.7 - https:\/\/yoast.com\/wordpress\/plugins\/seo\/ -->\n<title>Next Level Remote Events | impuls|event GmbH &amp; Co. KG<\/title>\n<meta name=\"description\" content=\"Neue Situationen erfordern Flexibilit\u00e4t und angepasste Ma\u00dfnahmen. Nutzen Sie die M\u00f6glichkeiten, die Ihnen innovative, digitale Informationsformate bieten.\" \/>\n<meta name=\"robots\" content=\"index, follow, max-snippet:-1, max-image-preview:large, max-video-preview:-1\" \/>\n<link rel=\"canonical\" href=\"https:\/\/www.impulsevent.com\/digitalevents\/\" \/>\n<meta property=\"og:locale\" content=\"en_US\" \/>\n<meta property=\"og:type\" content=\"article\" \/>\n<meta property=\"og:title\" content=\"Next Level Remote Events\" \/>\n<meta property=\"og:description\" content=\"Neue Situationen erfordern Flexibilit\u00e4t und angepasste Ma\u00dfnahmen. Nutzen Sie die M\u00f6glichkeiten, die Ihnen innovative, digitale Informationsformate bieten.\" \/>\n<meta property=\"og:url\" content=\"https:\/\/www.impulsevent.com\/digitalevents\/\" \/>\n<meta property=\"og:site_name\" content=\"impulsevent\" \/>\n<meta property=\"article:modified_time\" content=\"2020-11-24T09:48:58+00:00\" \/>\n<meta name=\"twitter:label1\" content=\"Est. reading time\" \/>\n\t<meta name=\"twitter:data1\" content=\"1 minute\" \/>\n<script type=\"application\/ld+json\" class=\"yoast-schema-graph\">{\"@context\":\"https:\/\/schema.org\",\"@graph\":[{\"@type\":\"WebPage\",\"@id\":\"https:\/\/www.impulsevent.com\/digitalevents\/\",\"url\":\"https:\/\/www.impulsevent.com\/digitalevents\/\",\"name\":\"Next Level Remote Events | impuls|event GmbH & Co. KG\",\"isPartOf\":{\"@id\":\"https:\/\/www.impulsevent.com\/#website\"},\"datePublished\":\"2020-11-18T09:24:48+00:00\",\"dateModified\":\"2020-11-24T09:48:58+00:00\",\"description\":\"Neue Situationen erfordern Flexibilit\u00e4t und angepasste Ma\u00dfnahmen. Nutzen Sie die M\u00f6glichkeiten, die Ihnen innovative, digitale Informationsformate bieten.\",\"breadcrumb\":{\"@id\":\"https:\/\/www.impulsevent.com\/digitalevents\/#breadcrumb\"},\"inLanguage\":\"en-US\",\"potentialAction\":[{\"@type\":\"ReadAction\",\"target\":[\"https:\/\/www.impulsevent.com\/digitalevents\/\"]}]},{\"@type\":\"BreadcrumbList\",\"@id\":\"https:\/\/www.impulsevent.com\/digitalevents\/#breadcrumb\",\"itemListElement\":[{\"@type\":\"ListItem\",\"position\":1,\"name\":\"Startseite\",\"item\":\"https:\/\/www.impulsevent.com\/\"},{\"@type\":\"ListItem\",\"position\":2,\"name\":\"Next Level Remote Events\"}]},{\"@type\":\"WebSite\",\"@id\":\"https:\/\/www.impulsevent.com\/#website\",\"url\":\"https:\/\/www.impulsevent.com\/\",\"name\":\"impulsevent\",\"description\":\"ERLEBBARE IDEEN, DER RICHTIGE IMPULS. IMPULSEVENT BIELEFELD\",\"publisher\":{\"@id\":\"https:\/\/www.impulsevent.com\/#organization\"},\"potentialAction\":[{\"@type\":\"SearchAction\",\"target\":{\"@type\":\"EntryPoint\",\"urlTemplate\":\"https:\/\/www.impulsevent.com\/?s={search_term_string}\"},\"query-input\":\"required name=search_term_string\"}],\"inLanguage\":\"en-US\"},{\"@type\":\"Organization\",\"@id\":\"https:\/\/www.impulsevent.com\/#organization\",\"name\":\"impuls|event GmbH & Co. KG\",\"url\":\"https:\/\/www.impulsevent.com\/\",\"logo\":{\"@type\":\"ImageObject\",\"inLanguage\":\"en-US\",\"@id\":\"https:\/\/www.impulsevent.com\/#\/schema\/logo\/image\/\",\"url\":\"https:\/\/www.impulsevent.com\/wp-content\/uploads\/2014\/04\/impulsevent-marketing-sport-events.png\",\"contentUrl\":\"https:\/\/www.impulsevent.com\/wp-content\/uploads\/2014\/04\/impulsevent-marketing-sport-events.png\",\"width\":282,\"height\":65,\"caption\":\"impuls|event GmbH & Co. KG\"},\"image\":{\"@id\":\"https:\/\/www.impulsevent.com\/#\/schema\/logo\/image\/\"}}]}<\/script>\n<!-- \/ Yoast SEO plugin. -->","yoast_head_json":{"title":"Next Level Remote Events | impuls|event GmbH & Co. KG","description":"Neue Situationen erfordern Flexibilit\u00e4t und angepasste Ma\u00dfnahmen. Nutzen Sie die M\u00f6glichkeiten, die Ihnen innovative, digitale Informationsformate bieten.","robots":{"index":"index","follow":"follow","max-snippet":"max-snippet:-1","max-image-preview":"max-image-preview:large","max-video-preview":"max-video-preview:-1"},"canonical":"https:\/\/www.impulsevent.com\/digitalevents\/","og_locale":"en_US","og_type":"article","og_title":"Next Level Remote Events","og_description":"Neue Situationen erfordern Flexibilit\u00e4t und angepasste Ma\u00dfnahmen. Nutzen Sie die M\u00f6glichkeiten, die Ihnen innovative, digitale Informationsformate bieten.","og_url":"https:\/\/www.impulsevent.com\/digitalevents\/","og_site_name":"impulsevent","article_modified_time":"2020-11-24T09:48:58+00:00","twitter_misc":{"Est. reading time":"1 minute"},"schema":{"@context":"https:\/\/schema.org","@graph":[{"@type":"WebPage","@id":"https:\/\/www.impulsevent.com\/digitalevents\/","url":"https:\/\/www.impulsevent.com\/digitalevents\/","name":"Next Level Remote Events | impuls|event GmbH & Co. KG","isPartOf":{"@id":"https:\/\/www.impulsevent.com\/#website"},"datePublished":"2020-11-18T09:24:48+00:00","dateModified":"2020-11-24T09:48:58+00:00","description":"Neue Situationen erfordern Flexibilit\u00e4t und angepasste Ma\u00dfnahmen. Nutzen Sie die M\u00f6glichkeiten, die Ihnen innovative, digitale Informationsformate bieten.","breadcrumb":{"@id":"https:\/\/www.impulsevent.com\/digitalevents\/#breadcrumb"},"inLanguage":"en-US","potentialAction":[{"@type":"ReadAction","target":["https:\/\/www.impulsevent.com\/digitalevents\/"]}]},{"@type":"BreadcrumbList","@id":"https:\/\/www.impulsevent.com\/digitalevents\/#breadcrumb","itemListElement":[{"@type":"ListItem","position":1,"name":"Startseite","item":"https:\/\/www.impulsevent.com\/"},{"@type":"ListItem","position":2,"name":"Next Level Remote Events"}]},{"@type":"WebSite","@id":"https:\/\/www.impulsevent.com\/#website","url":"https:\/\/www.impulsevent.com\/","name":"impulsevent","description":"ERLEBBARE IDEEN, DER RICHTIGE IMPULS. IMPULSEVENT BIELEFELD","publisher":{"@id":"https:\/\/www.impulsevent.com\/#organization"},"potentialAction":[{"@type":"SearchAction","target":{"@type":"EntryPoint","urlTemplate":"https:\/\/www.impulsevent.com\/?s={search_term_string}"},"query-input":"required name=search_term_string"}],"inLanguage":"en-US"},{"@type":"Organization","@id":"https:\/\/www.impulsevent.com\/#organization","name":"impuls|event GmbH & Co. KG","url":"https:\/\/www.impulsevent.com\/","logo":{"@type":"ImageObject","inLanguage":"en-US","@id":"https:\/\/www.impulsevent.com\/#\/schema\/logo\/image\/","url":"https:\/\/www.impulsevent.com\/wp-content\/uploads\/2014\/04\/impulsevent-marketing-sport-events.png","contentUrl":"https:\/\/www.impulsevent.com\/wp-content\/uploads\/2014\/04\/impulsevent-marketing-sport-events.png","width":282,"height":65,"caption":"impuls|event GmbH & Co. KG"},"image":{"@id":"https:\/\/www.impulsevent.com\/#\/schema\/logo\/image\/"}}]}},"_links":{"self":[{"href":"https:\/\/www.impulsevent.com\/en\/wp-json\/wp\/v2\/pages\/2715"}],"collection":[{"href":"https:\/\/www.impulsevent.com\/en\/wp-json\/wp\/v2\/pages"}],"about":[{"href":"https:\/\/www.impulsevent.com\/en\/wp-json\/wp\/v2\/types\/page"}],"author":[{"embeddable":true,"href":"https:\/\/www.impulsevent.com\/en\/wp-json\/wp\/v2\/users\/1"}],"replies":[{"embeddable":true,"href":"https:\/\/www.impulsevent.com\/en\/wp-json\/wp\/v2\/comments?post=2715"}],"version-history":[{"count":2,"href":"https:\/\/www.impulsevent.com\/en\/wp-json\/wp\/v2\/pages\/2715\/revisions"}],"predecessor-version":[{"id":2769,"href":"https:\/\/www.impulsevent.com\/en\/wp-json\/wp\/v2\/pages\/2715\/revisions\/2769"}],"wp:attachment":[{"href":"https:\/\/www.impulsevent.com\/en\/wp-json\/wp\/v2\/media?parent=2715"}],"curies":[{"name":"wp","href":"https:\/\/api.w.org\/{rel}","templated":true}]}}