{"id":2572,"date":"2020-11-05T15:17:42","date_gmt":"2020-11-05T13:17:42","guid":{"rendered":"https:\/\/www.impulsevent.com\/test-page-copy\/"},"modified":"2025-10-15T14:55:43","modified_gmt":"2025-10-15T12:55:43","slug":"home2020","status":"publish","type":"page","link":"https:\/\/www.impulsevent.com\/en\/","title":{"rendered":"YOUR CORPORATE <br>LIVE EVENT 2026"},"content":{"rendered":"\t\t<div data-elementor-type=\"wp-page\" data-elementor-id=\"2572\" class=\"elementor elementor-2572\">\n\t\t\t\t\t\t<section class=\"elementor-section elementor-top-section elementor-element elementor-element-2af3613 elementor-section-boxed elementor-section-height-default elementor-section-height-default\" data-id=\"2af3613\" data-element_type=\"section\">\n\t\t\t\t\t\t<div class=\"elementor-container elementor-column-gap-wide\">\n\t\t\t\t\t<div class=\"elementor-column elementor-col-50 elementor-top-column elementor-element elementor-element-ca879f5\" data-id=\"ca879f5\" data-element_type=\"column\">\n\t\t\t<div class=\"elementor-widget-wrap elementor-element-populated\">\n\t\t\t\t\t\t<div class=\"elementor-element elementor-element-d9fb679 elementor-widget elementor-widget-text-editor\" data-id=\"d9fb679\" data-element_type=\"widget\" data-widget_type=\"text-editor.default\">\n\t\t\t\t<div class=\"elementor-widget-container\">\n\t\t\t\t\t\t\t\t\t<p style=\"background-color: #ffffff; text-align: left;\"><span style=\"font-size: 16px;\">Special times lie behind us, in which fundamental changes have taken hold in many business processes. Mobile working and New Work dominate large parts of corporate business. A long period of physical distancing now demands increased interaction with your target group.<\/span><\/p><p style=\"background-color: #ffffff; text-align: left;\"><span style=\"font-size: 16px;\">Use the impact of a LIVE event more than ever to take your team or customers on this journey. We can help you find the right format!<\/span><\/p>\t\t\t\t\t\t\t\t<\/div>\n\t\t\t\t<\/div>\n\t\t\t\t\t<\/div>\n\t\t<\/div>\n\t\t\t\t<div class=\"elementor-column elementor-col-50 elementor-top-column elementor-element elementor-element-9bbe1cf\" data-id=\"9bbe1cf\" data-element_type=\"column\">\n\t\t\t<div class=\"elementor-widget-wrap elementor-element-populated\">\n\t\t\t\t\t\t<div class=\"elementor-element elementor-element-ff7bc8b elementor-widget elementor-widget-text-editor\" data-id=\"ff7bc8b\" data-element_type=\"widget\" data-widget_type=\"text-editor.default\">\n\t\t\t\t<div class=\"elementor-widget-container\">\n\t\t\t\t\t\t\t\t\t<p style=\"background-color: #ffffff; text-align: left;\"><span style=\"font-size: 16px;\">Our range of services covers all common event formats. The focus is always on deepening the relationship between your brand and the respective target group through interaction. Whether sporty, with team spirit, hybrid or primarily informative.<\/span><\/p><p style=\"background-color: #ffffff; text-align: left;\"><span style=\"font-size: 16px;\">We look forward to your call!<\/span><\/p>\t\t\t\t\t\t\t\t<\/div>\n\t\t\t\t<\/div>\n\t\t\t\t\t<\/div>\n\t\t<\/div>\n\t\t\t\t\t<\/div>\n\t\t<\/section>\n\t\t\t\t<\/div>\n\t\t","protected":false},"excerpt":{"rendered":"<p>Special times lie behind us, in which fundamental changes have taken hold in many business processes. Mobile working and New Work dominate large parts of corporate business. A long period of physical distancing now demands increased interaction with your target group. Use the impact of a LIVE event more than ever to take your team [&hellip;]<\/p>\n","protected":false},"author":1,"featured_media":0,"parent":0,"menu_order":1,"comment_status":"closed","ping_status":"closed","template":"home-page.php","meta":{"footnotes":""},"yoast_head":"<!-- This site is optimized with the Yoast SEO plugin v21.7 - https:\/\/yoast.com\/wordpress\/plugins\/seo\/ -->\n<title>Wir setzen Impulse | impuls|event GmbH &amp; Co. KG<\/title>\n<meta name=\"description\" content=\"Agentur f\u00fcr Business-Events aus Bielefeld. Wir sind Ihr Ansprechpartner f\u00fcr LIVE Marketing, Teambuilding-Events und Incentives aller Art!\" \/>\n<meta name=\"robots\" content=\"index, follow, max-snippet:-1, max-image-preview:large, max-video-preview:-1\" \/>\n<link rel=\"canonical\" href=\"https:\/\/www.impulsevent.com\/\" \/>\n<meta property=\"og:locale\" content=\"en_US\" \/>\n<meta property=\"og:type\" content=\"article\" \/>\n<meta property=\"og:title\" content=\"Wir setzen Impulse | impuls|event GmbH &amp; Co. KG\" \/>\n<meta property=\"og:description\" content=\"Neue Situationen erfordern Flexibilit\u00e4t und angepasste Ma\u00dfnahmen. Nutzen Sie die M\u00f6glichkeiten, die Ihnen innovative, digitale Informationsformate bieten.\" \/>\n<meta property=\"og:url\" content=\"https:\/\/www.impulsevent.com\/\" \/>\n<meta property=\"og:site_name\" content=\"impulsevent\" \/>\n<meta property=\"article:modified_time\" content=\"2025-10-15T12:55:43+00:00\" \/>\n<meta name=\"twitter:label1\" content=\"Est. reading time\" \/>\n\t<meta name=\"twitter:data1\" content=\"1 minute\" \/>\n<script type=\"application\/ld+json\" class=\"yoast-schema-graph\">{\"@context\":\"https:\/\/schema.org\",\"@graph\":[{\"@type\":\"WebPage\",\"@id\":\"https:\/\/www.impulsevent.com\/\",\"url\":\"https:\/\/www.impulsevent.com\/\",\"name\":\"Wir setzen Impulse | impuls|event GmbH & Co. KG\",\"isPartOf\":{\"@id\":\"https:\/\/www.impulsevent.com\/#website\"},\"datePublished\":\"2020-11-05T13:17:42+00:00\",\"dateModified\":\"2025-10-15T12:55:43+00:00\",\"description\":\"Agentur f\u00fcr Business-Events aus Bielefeld. Wir sind Ihr Ansprechpartner f\u00fcr LIVE Marketing, Teambuilding-Events und Incentives aller Art!\",\"breadcrumb\":{\"@id\":\"https:\/\/www.impulsevent.com\/#breadcrumb\"},\"inLanguage\":\"en-US\",\"potentialAction\":[{\"@type\":\"ReadAction\",\"target\":[\"https:\/\/www.impulsevent.com\/\"]}]},{\"@type\":\"BreadcrumbList\",\"@id\":\"https:\/\/www.impulsevent.com\/#breadcrumb\",\"itemListElement\":[{\"@type\":\"ListItem\",\"position\":1,\"name\":\"Startseite\",\"item\":\"https:\/\/www.impulsevent.com\/\"},{\"@type\":\"ListItem\",\"position\":2,\"name\":\"Ihr Corporate Live Event 2026\"}]},{\"@type\":\"WebSite\",\"@id\":\"https:\/\/www.impulsevent.com\/#website\",\"url\":\"https:\/\/www.impulsevent.com\/\",\"name\":\"impulsevent\",\"description\":\"ERLEBBARE IDEEN, DER RICHTIGE IMPULS. IMPULSEVENT BIELEFELD\",\"publisher\":{\"@id\":\"https:\/\/www.impulsevent.com\/#organization\"},\"potentialAction\":[{\"@type\":\"SearchAction\",\"target\":{\"@type\":\"EntryPoint\",\"urlTemplate\":\"https:\/\/www.impulsevent.com\/?s={search_term_string}\"},\"query-input\":\"required name=search_term_string\"}],\"inLanguage\":\"en-US\"},{\"@type\":\"Organization\",\"@id\":\"https:\/\/www.impulsevent.com\/#organization\",\"name\":\"impuls|event GmbH & Co. KG\",\"url\":\"https:\/\/www.impulsevent.com\/\",\"logo\":{\"@type\":\"ImageObject\",\"inLanguage\":\"en-US\",\"@id\":\"https:\/\/www.impulsevent.com\/#\/schema\/logo\/image\/\",\"url\":\"https:\/\/www.impulsevent.com\/wp-content\/uploads\/2014\/04\/impulsevent-marketing-sport-events.png\",\"contentUrl\":\"https:\/\/www.impulsevent.com\/wp-content\/uploads\/2014\/04\/impulsevent-marketing-sport-events.png\",\"width\":282,\"height\":65,\"caption\":\"impuls|event GmbH & Co. KG\"},\"image\":{\"@id\":\"https:\/\/www.impulsevent.com\/#\/schema\/logo\/image\/\"}}]}<\/script>\n<!-- \/ Yoast SEO plugin. -->","yoast_head_json":{"title":"Wir setzen Impulse | impuls|event GmbH & Co. KG","description":"Agentur f\u00fcr Business-Events aus Bielefeld. Wir sind Ihr Ansprechpartner f\u00fcr LIVE Marketing, Teambuilding-Events und Incentives aller Art!","robots":{"index":"index","follow":"follow","max-snippet":"max-snippet:-1","max-image-preview":"max-image-preview:large","max-video-preview":"max-video-preview:-1"},"canonical":"https:\/\/www.impulsevent.com\/","og_locale":"en_US","og_type":"article","og_title":"Wir setzen Impulse | impuls|event GmbH & Co. KG","og_description":"Neue Situationen erfordern Flexibilit\u00e4t und angepasste Ma\u00dfnahmen. Nutzen Sie die M\u00f6glichkeiten, die Ihnen innovative, digitale Informationsformate bieten.","og_url":"https:\/\/www.impulsevent.com\/","og_site_name":"impulsevent","article_modified_time":"2025-10-15T12:55:43+00:00","twitter_misc":{"Est. reading time":"1 minute"},"schema":{"@context":"https:\/\/schema.org","@graph":[{"@type":"WebPage","@id":"https:\/\/www.impulsevent.com\/","url":"https:\/\/www.impulsevent.com\/","name":"Wir setzen Impulse | impuls|event GmbH & Co. KG","isPartOf":{"@id":"https:\/\/www.impulsevent.com\/#website"},"datePublished":"2020-11-05T13:17:42+00:00","dateModified":"2025-10-15T12:55:43+00:00","description":"Agentur f\u00fcr Business-Events aus Bielefeld. Wir sind Ihr Ansprechpartner f\u00fcr LIVE Marketing, Teambuilding-Events und Incentives aller Art!","breadcrumb":{"@id":"https:\/\/www.impulsevent.com\/#breadcrumb"},"inLanguage":"en-US","potentialAction":[{"@type":"ReadAction","target":["https:\/\/www.impulsevent.com\/"]}]},{"@type":"BreadcrumbList","@id":"https:\/\/www.impulsevent.com\/#breadcrumb","itemListElement":[{"@type":"ListItem","position":1,"name":"Startseite","item":"https:\/\/www.impulsevent.com\/"},{"@type":"ListItem","position":2,"name":"Ihr Corporate Live Event 2026"}]},{"@type":"WebSite","@id":"https:\/\/www.impulsevent.com\/#website","url":"https:\/\/www.impulsevent.com\/","name":"impulsevent","description":"ERLEBBARE IDEEN, DER RICHTIGE IMPULS. IMPULSEVENT BIELEFELD","publisher":{"@id":"https:\/\/www.impulsevent.com\/#organization"},"potentialAction":[{"@type":"SearchAction","target":{"@type":"EntryPoint","urlTemplate":"https:\/\/www.impulsevent.com\/?s={search_term_string}"},"query-input":"required name=search_term_string"}],"inLanguage":"en-US"},{"@type":"Organization","@id":"https:\/\/www.impulsevent.com\/#organization","name":"impuls|event GmbH & Co. KG","url":"https:\/\/www.impulsevent.com\/","logo":{"@type":"ImageObject","inLanguage":"en-US","@id":"https:\/\/www.impulsevent.com\/#\/schema\/logo\/image\/","url":"https:\/\/www.impulsevent.com\/wp-content\/uploads\/2014\/04\/impulsevent-marketing-sport-events.png","contentUrl":"https:\/\/www.impulsevent.com\/wp-content\/uploads\/2014\/04\/impulsevent-marketing-sport-events.png","width":282,"height":65,"caption":"impuls|event GmbH & Co. KG"},"image":{"@id":"https:\/\/www.impulsevent.com\/#\/schema\/logo\/image\/"}}]}},"_links":{"self":[{"href":"https:\/\/www.impulsevent.com\/en\/wp-json\/wp\/v2\/pages\/2572"}],"collection":[{"href":"https:\/\/www.impulsevent.com\/en\/wp-json\/wp\/v2\/pages"}],"about":[{"href":"https:\/\/www.impulsevent.com\/en\/wp-json\/wp\/v2\/types\/page"}],"author":[{"embeddable":true,"href":"https:\/\/www.impulsevent.com\/en\/wp-json\/wp\/v2\/users\/1"}],"replies":[{"embeddable":true,"href":"https:\/\/www.impulsevent.com\/en\/wp-json\/wp\/v2\/comments?post=2572"}],"version-history":[{"count":67,"href":"https:\/\/www.impulsevent.com\/en\/wp-json\/wp\/v2\/pages\/2572\/revisions"}],"predecessor-version":[{"id":3553,"href":"https:\/\/www.impulsevent.com\/en\/wp-json\/wp\/v2\/pages\/2572\/revisions\/3553"}],"wp:attachment":[{"href":"https:\/\/www.impulsevent.com\/en\/wp-json\/wp\/v2\/media?parent=2572"}],"curies":[{"name":"wp","href":"https:\/\/api.w.org\/{rel}","templated":true}]}}