{"id":2472,"date":"2020-10-15T11:48:28","date_gmt":"2020-10-15T09:48:28","guid":{"rendered":"https:\/\/www.impulsevent.com\/angebote-copy\/"},"modified":"2020-12-10T12:13:54","modified_gmt":"2020-12-10T10:13:54","slug":"incentives-corona-bielefeld","status":"publish","type":"page","link":"https:\/\/www.impulsevent.com\/en\/incentives-corona-bielefeld\/","title":{"rendered":"Incentives auf Abstand"},"content":{"rendered":"\t\t<div data-elementor-type=\"wp-page\" data-elementor-id=\"2472\" class=\"elementor elementor-2472\">\n\t\t\t\t\t\t<section class=\"elementor-section elementor-top-section elementor-element elementor-element-6c3b296 elementor-section-boxed elementor-section-height-default elementor-section-height-default\" data-id=\"6c3b296\" data-element_type=\"section\">\n\t\t\t\t\t\t<div class=\"elementor-container elementor-column-gap-default\">\n\t\t\t\t\t<div class=\"elementor-column elementor-col-100 elementor-top-column elementor-element elementor-element-437d004\" data-id=\"437d004\" data-element_type=\"column\">\n\t\t\t<div class=\"elementor-widget-wrap elementor-element-populated\">\n\t\t\t\t\t\t<section class=\"elementor-section elementor-inner-section elementor-element elementor-element-f63ccfb elementor-section-boxed elementor-section-height-default elementor-section-height-default\" data-id=\"f63ccfb\" data-element_type=\"section\">\n\t\t\t\t\t\t<div class=\"elementor-container elementor-column-gap-default\">\n\t\t\t\t\t<div class=\"elementor-column elementor-col-50 elementor-inner-column elementor-element elementor-element-3d21cf1\" data-id=\"3d21cf1\" data-element_type=\"column\">\n\t\t\t<div class=\"elementor-widget-wrap elementor-element-populated\">\n\t\t\t\t\t\t<div class=\"elementor-element elementor-element-e966c35 elementor-widget elementor-widget-text-editor\" data-id=\"e966c35\" data-element_type=\"widget\" data-widget_type=\"text-editor.default\">\n\t\t\t\t<div class=\"elementor-widget-container\">\n\t\t\t\t\t\t\t\t\t<p style=\"text-align: left;\">Die Covid19-Pandemie sorgt auf allen Ebenen f\u00fcr Ver\u00e4nderungen. Dies gilt sowohl privat als auch beruflich. Das Wort Sicherheit bekommt eine noch gr\u00f6\u00dfere Bedeutung und der vorschriftsm\u00e4\u00dfige Umgang mit den erlassenen Ma\u00dfnahmen ist unerl\u00e4sslich.<\/p><p style=\"text-align: left;\">Wir haben uns viele Gedanken gemacht, um Ihnen auch weiterhin attraktive und vor allem sichere Teamevents anbieten zu k\u00f6nnen.<\/p><p style=\"text-align: left;\">Jedes unserer Incentive-Modul wurde unter den neuen Auflagen auf seine Durchf\u00fchrbarkeit gepr\u00fcft. Gerne stellen wir Ihnen auf Wunsch eine Auswahl der Module vor, bei denen wir die Umsetzung der aktuellen Hygiene- und Schutzvorschriften unproblematisch gew\u00e4hrleisten k\u00f6nnen, so dass das origin\u00e4re Ziel ihres Events nicht in den Hintergrund ger\u00e4t: <br \/><strong>Der Spa\u00df und das Zusammentreffen von Menschen!<\/strong><\/p>\t\t\t\t\t\t\t\t<\/div>\n\t\t\t\t<\/div>\n\t\t\t\t\t<\/div>\n\t\t<\/div>\n\t\t\t\t<div class=\"elementor-column elementor-col-50 elementor-inner-column elementor-element elementor-element-78c3bf6\" data-id=\"78c3bf6\" data-element_type=\"column\">\n\t\t\t<div class=\"elementor-widget-wrap elementor-element-populated\">\n\t\t\t\t\t\t<div class=\"elementor-element elementor-element-b688929 elementor-widget elementor-widget-text-editor\" data-id=\"b688929\" data-element_type=\"widget\" data-widget_type=\"text-editor.default\">\n\t\t\t\t<div class=\"elementor-widget-container\">\n\t\t\t\t\t\t\t\t\t<p style=\"text-align: left;\"><strong>Nachfolgende Schutzma\u00dfnahmen werden von uns zu jeder Zeit vor, w\u00e4hrend und nach der Veranstaltung eingehalten:<\/strong><\/p><p style=\"text-align: left;\">\u2022 Mindestabstand unter den Teilnehmern und unseren Teambetreuern von 1,5 Metern wird zu jederzeit eingehalten.<br \/>\u2022 Bereitstellung der notwendigen Sicherheitsmaterialien wie Mundschutz und Handschuhen<br \/>\u2022 Bereitstellung von Desinfektionsmitteln vor, w\u00e4hrend und nach dem Event<br \/>\u2022 F\u00fchren von Teilnehmerlisten zur m\u00f6glichen Nachverfolgung neuer Infektionsketten<br \/>\u2022 Geschultes Personal in Bezug auf die Hygienevorschriften und Verhaltensregeln<br \/>\u2022 Die ganzheitliche und umfangreiche Reinigung aller ben\u00f6tigten Materialien vor und nach der Veranstaltung<\/p>\t\t\t\t\t\t\t\t<\/div>\n\t\t\t\t<\/div>\n\t\t\t\t\t<\/div>\n\t\t<\/div>\n\t\t\t\t\t<\/div>\n\t\t<\/section>\n\t\t\t\t\t<\/div>\n\t\t<\/div>\n\t\t\t\t\t<\/div>\n\t\t<\/section>\n\t\t\t\t<section class=\"elementor-section elementor-top-section elementor-element elementor-element-6f29132 elementor-section-boxed elementor-section-height-default elementor-section-height-default\" data-id=\"6f29132\" data-element_type=\"section\" id=\"angebotsanfrage\">\n\t\t\t\t\t\t\t<div class=\"elementor-background-overlay\"><\/div>\n\t\t\t\t\t\t\t<div class=\"elementor-container elementor-column-gap-default\">\n\t\t\t\t\t<div class=\"elementor-column elementor-col-100 elementor-top-column elementor-element elementor-element-76ddafe\" data-id=\"76ddafe\" data-element_type=\"column\">\n\t\t\t<div class=\"elementor-widget-wrap elementor-element-populated\">\n\t\t\t\t\t\t<div class=\"elementor-element elementor-element-b12d815 elementor-widget elementor-widget-heading\" data-id=\"b12d815\" data-element_type=\"widget\" data-widget_type=\"heading.default\">\n\t\t\t\t<div class=\"elementor-widget-container\">\n\t\t\t\t\t<h2 class=\"elementor-heading-title elementor-size-default\">Fragen Sie ein Angebot an<\/h2>\t\t\t\t<\/div>\n\t\t\t\t<\/div>\n\t\t\t\t<div class=\"elementor-element elementor-element-aded6ed elementor-widget elementor-widget-text-editor\" data-id=\"aded6ed\" data-element_type=\"widget\" data-widget_type=\"text-editor.default\">\n\t\t\t\t<div class=\"elementor-widget-container\">\n\t\t\t\t\t\t\t\t\t<p>Sind Sie an einem unserer Angebote interessiert und m\u00f6chten ein unverbindliches Angebot erhalten? Nehmen Sie mit uns Kontakt auf und wir melden uns bei Ihnen zur\u00fcck!<\/p>\t\t\t\t\t\t\t\t<\/div>\n\t\t\t\t<\/div>\n\t\t\t\t<div class=\"elementor-element elementor-element-a5a3007 elementor-widget elementor-widget-text-editor\" data-id=\"a5a3007\" data-element_type=\"widget\" data-widget_type=\"text-editor.default\">\n\t\t\t\t<div class=\"elementor-widget-container\">\n\t\t\t\t\t\t\t\t\t<p>\n<div class=\"wpcf7 no-js\" id=\"wpcf7-f2480-o1\" lang=\"de-DE\" dir=\"ltr\">\n<div class=\"screen-reader-response\"><p role=\"status\" aria-live=\"polite\" aria-atomic=\"true\"><\/p> <ul><\/ul><\/div>\n<form action=\"\/en\/wp-json\/wp\/v2\/pages\/2472#wpcf7-f2480-o1\" method=\"post\" class=\"wpcf7-form init\" aria-label=\"Kontaktformular\" novalidate=\"novalidate\" data-status=\"init\">\n<div style=\"display: none;\">\n<input type=\"hidden\" name=\"_wpcf7\" value=\"2480\" \/>\n<input type=\"hidden\" name=\"_wpcf7_version\" value=\"5.8.4\" \/>\n<input type=\"hidden\" name=\"_wpcf7_locale\" value=\"de_DE\" \/>\n<input type=\"hidden\" name=\"_wpcf7_unit_tag\" value=\"wpcf7-f2480-o1\" \/>\n<input type=\"hidden\" name=\"_wpcf7_container_post\" value=\"0\" \/>\n<input type=\"hidden\" name=\"_wpcf7_posted_data_hash\" value=\"\" \/>\n<\/div>\n<div class=\"one_half\">\n\t<p>Ihr Name (Pflichtfeld)\n\t<\/p>\n\t<p><span class=\"wpcf7-form-control-wrap\" data-name=\"your-name\"><input size=\"40\" class=\"wpcf7-form-control wpcf7-text wpcf7-validates-as-required\" aria-required=\"true\" aria-invalid=\"false\" value=\"\" type=\"text\" name=\"your-name\" \/><\/span>\n\t<\/p>\n<\/div>\n<div class=\"one_half last\">\n\t<p>Ihre E-Mail-Adresse (Pflichtfeld)\n\t<\/p>\n\t<p><span class=\"wpcf7-form-control-wrap\" data-name=\"your-email\"><input size=\"40\" class=\"wpcf7-form-control wpcf7-email wpcf7-validates-as-required wpcf7-text wpcf7-validates-as-email\" aria-required=\"true\" aria-invalid=\"false\" value=\"\" type=\"email\" name=\"your-email\" \/><\/span>\n\t<\/p>\n<\/div>\n<p>Ihre Nachricht\n<\/p>\n<p><span class=\"wpcf7-form-control-wrap\" data-name=\"your-message\"><textarea cols=\"40\" rows=\"10\" class=\"wpcf7-form-control wpcf7-textarea\" aria-invalid=\"false\" name=\"your-message\"><\/textarea><\/span>\n<\/p>\n<p><input class=\"wpcf7-form-control wpcf7-submit has-spinner\" type=\"submit\" value=\"Senden\" \/>\n<\/p><div class=\"wpcf7-response-output\" aria-hidden=\"true\"><\/div>\n<\/form>\n<\/div>\n<\/p>\t\t\t\t\t\t\t\t<\/div>\n\t\t\t\t<\/div>\n\t\t\t\t<div class=\"elementor-element elementor-element-3ffe44a elementor-widget elementor-widget-text-editor\" data-id=\"3ffe44a\" data-element_type=\"widget\" data-widget_type=\"text-editor.default\">\n\t\t\t\t<div class=\"elementor-widget-container\">\n\t\t\t\t\t\t\t\t\t<p><b>Sie erreichen uns selbstverst\u00e4ndlich telefonisch unter den untenstehenden Kontaktdaten:<\/b><\/p>\t\t\t\t\t\t\t\t<\/div>\n\t\t\t\t<\/div>\n\t\t\t\t<section class=\"elementor-section elementor-inner-section elementor-element elementor-element-67b5295 elementor-section-boxed elementor-section-height-default elementor-section-height-default\" data-id=\"67b5295\" data-element_type=\"section\">\n\t\t\t\t\t\t<div class=\"elementor-container elementor-column-gap-default\">\n\t\t\t\t\t<div class=\"elementor-column elementor-col-50 elementor-inner-column elementor-element elementor-element-3e7326a\" data-id=\"3e7326a\" data-element_type=\"column\">\n\t\t\t<div class=\"elementor-widget-wrap elementor-element-populated\">\n\t\t\t\t\t\t<div class=\"elementor-element elementor-element-dc509cb elementor-widget elementor-widget-text-editor\" data-id=\"dc509cb\" data-element_type=\"widget\" data-widget_type=\"text-editor.default\">\n\t\t\t\t<div class=\"elementor-widget-container\">\n\t\t\t\t\t\t\t\t\t<p><span style=\"color: #2b363c;\"><strong style=\"color: #2b363c;\">Sarah D\u00f6rmann<\/strong><\/span><br \/><span style=\"color: #2b363c;\">+49 (0)521 98621 548<\/span><\/p>\t\t\t\t\t\t\t\t<\/div>\n\t\t\t\t<\/div>\n\t\t\t\t\t<\/div>\n\t\t<\/div>\n\t\t\t\t<div class=\"elementor-column elementor-col-50 elementor-inner-column elementor-element elementor-element-be1d99c\" data-id=\"be1d99c\" data-element_type=\"column\">\n\t\t\t<div class=\"elementor-widget-wrap elementor-element-populated\">\n\t\t\t\t\t\t<div class=\"elementor-element elementor-element-d873677 elementor-widget elementor-widget-text-editor\" data-id=\"d873677\" data-element_type=\"widget\" data-widget_type=\"text-editor.default\">\n\t\t\t\t<div class=\"elementor-widget-container\">\n\t\t\t\t\t\t\t\t\t<p><span style=\"color: #2b363c;\"><strong style=\"color: #2b363c;\">Robin Holtkamp<\/strong><\/span><br \/><span style=\"color: #2b363c;\">+49 (0)521-98621-554<\/span><\/p>\t\t\t\t\t\t\t\t<\/div>\n\t\t\t\t<\/div>\n\t\t\t\t\t<\/div>\n\t\t<\/div>\n\t\t\t\t\t<\/div>\n\t\t<\/section>\n\t\t\t\t\t<\/div>\n\t\t<\/div>\n\t\t\t\t\t<\/div>\n\t\t<\/section>\n\t\t\t\t<\/div>\n\t\t","protected":false},"excerpt":{"rendered":"<p>Die Covid19-Pandemie sorgt auf allen Ebenen f\u00fcr Ver\u00e4nderungen. Dies gilt sowohl privat als auch beruflich. Das Wort Sicherheit bekommt eine noch gr\u00f6\u00dfere Bedeutung und der vorschriftsm\u00e4\u00dfige Umgang mit den erlassenen Ma\u00dfnahmen ist unerl\u00e4sslich. Wir haben uns viele Gedanken gemacht, um Ihnen auch weiterhin attraktive und vor allem sichere Teamevents anbieten zu k\u00f6nnen. Jedes unserer Incentive-Modul [&hellip;]<\/p>\n","protected":false},"author":1,"featured_media":0,"parent":0,"menu_order":11,"comment_status":"open","ping_status":"closed","template":"","meta":{"footnotes":""},"yoast_head":"<!-- This site is optimized with the Yoast SEO plugin v21.7 - https:\/\/yoast.com\/wordpress\/plugins\/seo\/ -->\n<title>Incentives auf Abstand - impulsevent<\/title>\n<meta name=\"description\" content=\"Wir bieten Ihnen sichere Teamevents als Incentive-Angebote auf Abstand. Umfangreiche Schutzma\u00dfnahmen werden von uns zu jeder Zeit eingehalten.\" \/>\n<meta name=\"robots\" content=\"index, follow, max-snippet:-1, max-image-preview:large, max-video-preview:-1\" \/>\n<link rel=\"canonical\" href=\"https:\/\/www.impulsevent.com\/incentives-corona-bielefeld\/\" \/>\n<meta property=\"og:locale\" content=\"en_US\" \/>\n<meta property=\"og:type\" content=\"article\" \/>\n<meta property=\"og:title\" content=\"Incentives auf Abstand - impulsevent\" \/>\n<meta property=\"og:description\" content=\"Wir bieten Ihnen sichere Teamevents als Incentive-Angebote auf Abstand. Umfangreiche Schutzma\u00dfnahmen werden von uns zu jeder Zeit eingehalten.\" \/>\n<meta property=\"og:url\" content=\"https:\/\/www.impulsevent.com\/incentives-corona-bielefeld\/\" \/>\n<meta property=\"og:site_name\" content=\"impulsevent\" \/>\n<meta property=\"article:modified_time\" content=\"2020-12-10T10:13:54+00:00\" \/>\n<meta name=\"twitter:label1\" content=\"Est. reading time\" \/>\n\t<meta name=\"twitter:data1\" content=\"1 minute\" \/>\n<script type=\"application\/ld+json\" class=\"yoast-schema-graph\">{\"@context\":\"https:\/\/schema.org\",\"@graph\":[{\"@type\":\"WebPage\",\"@id\":\"https:\/\/www.impulsevent.com\/incentives-corona-bielefeld\/\",\"url\":\"https:\/\/www.impulsevent.com\/incentives-corona-bielefeld\/\",\"name\":\"Incentives auf Abstand - impulsevent\",\"isPartOf\":{\"@id\":\"https:\/\/www.impulsevent.com\/#website\"},\"datePublished\":\"2020-10-15T09:48:28+00:00\",\"dateModified\":\"2020-12-10T10:13:54+00:00\",\"description\":\"Wir bieten Ihnen sichere Teamevents als Incentive-Angebote auf Abstand. Umfangreiche Schutzma\u00dfnahmen werden von uns zu jeder Zeit eingehalten.\",\"breadcrumb\":{\"@id\":\"https:\/\/www.impulsevent.com\/incentives-corona-bielefeld\/#breadcrumb\"},\"inLanguage\":\"en-US\",\"potentialAction\":[{\"@type\":\"ReadAction\",\"target\":[\"https:\/\/www.impulsevent.com\/incentives-corona-bielefeld\/\"]}]},{\"@type\":\"BreadcrumbList\",\"@id\":\"https:\/\/www.impulsevent.com\/incentives-corona-bielefeld\/#breadcrumb\",\"itemListElement\":[{\"@type\":\"ListItem\",\"position\":1,\"name\":\"Startseite\",\"item\":\"https:\/\/www.impulsevent.com\/\"},{\"@type\":\"ListItem\",\"position\":2,\"name\":\"Incentives auf Abstand\"}]},{\"@type\":\"WebSite\",\"@id\":\"https:\/\/www.impulsevent.com\/#website\",\"url\":\"https:\/\/www.impulsevent.com\/\",\"name\":\"impulsevent\",\"description\":\"ERLEBBARE IDEEN, DER RICHTIGE IMPULS. IMPULSEVENT BIELEFELD\",\"publisher\":{\"@id\":\"https:\/\/www.impulsevent.com\/#organization\"},\"potentialAction\":[{\"@type\":\"SearchAction\",\"target\":{\"@type\":\"EntryPoint\",\"urlTemplate\":\"https:\/\/www.impulsevent.com\/?s={search_term_string}\"},\"query-input\":\"required name=search_term_string\"}],\"inLanguage\":\"en-US\"},{\"@type\":\"Organization\",\"@id\":\"https:\/\/www.impulsevent.com\/#organization\",\"name\":\"impuls|event GmbH & Co. KG\",\"url\":\"https:\/\/www.impulsevent.com\/\",\"logo\":{\"@type\":\"ImageObject\",\"inLanguage\":\"en-US\",\"@id\":\"https:\/\/www.impulsevent.com\/#\/schema\/logo\/image\/\",\"url\":\"https:\/\/www.impulsevent.com\/wp-content\/uploads\/2014\/04\/impulsevent-marketing-sport-events.png\",\"contentUrl\":\"https:\/\/www.impulsevent.com\/wp-content\/uploads\/2014\/04\/impulsevent-marketing-sport-events.png\",\"width\":282,\"height\":65,\"caption\":\"impuls|event GmbH & Co. KG\"},\"image\":{\"@id\":\"https:\/\/www.impulsevent.com\/#\/schema\/logo\/image\/\"}}]}<\/script>\n<!-- \/ Yoast SEO plugin. -->","yoast_head_json":{"title":"Incentives auf Abstand - impulsevent","description":"Wir bieten Ihnen sichere Teamevents als Incentive-Angebote auf Abstand. Umfangreiche Schutzma\u00dfnahmen werden von uns zu jeder Zeit eingehalten.","robots":{"index":"index","follow":"follow","max-snippet":"max-snippet:-1","max-image-preview":"max-image-preview:large","max-video-preview":"max-video-preview:-1"},"canonical":"https:\/\/www.impulsevent.com\/incentives-corona-bielefeld\/","og_locale":"en_US","og_type":"article","og_title":"Incentives auf Abstand - impulsevent","og_description":"Wir bieten Ihnen sichere Teamevents als Incentive-Angebote auf Abstand. Umfangreiche Schutzma\u00dfnahmen werden von uns zu jeder Zeit eingehalten.","og_url":"https:\/\/www.impulsevent.com\/incentives-corona-bielefeld\/","og_site_name":"impulsevent","article_modified_time":"2020-12-10T10:13:54+00:00","twitter_misc":{"Est. reading time":"1 minute"},"schema":{"@context":"https:\/\/schema.org","@graph":[{"@type":"WebPage","@id":"https:\/\/www.impulsevent.com\/incentives-corona-bielefeld\/","url":"https:\/\/www.impulsevent.com\/incentives-corona-bielefeld\/","name":"Incentives auf Abstand - impulsevent","isPartOf":{"@id":"https:\/\/www.impulsevent.com\/#website"},"datePublished":"2020-10-15T09:48:28+00:00","dateModified":"2020-12-10T10:13:54+00:00","description":"Wir bieten Ihnen sichere Teamevents als Incentive-Angebote auf Abstand. Umfangreiche Schutzma\u00dfnahmen werden von uns zu jeder Zeit eingehalten.","breadcrumb":{"@id":"https:\/\/www.impulsevent.com\/incentives-corona-bielefeld\/#breadcrumb"},"inLanguage":"en-US","potentialAction":[{"@type":"ReadAction","target":["https:\/\/www.impulsevent.com\/incentives-corona-bielefeld\/"]}]},{"@type":"BreadcrumbList","@id":"https:\/\/www.impulsevent.com\/incentives-corona-bielefeld\/#breadcrumb","itemListElement":[{"@type":"ListItem","position":1,"name":"Startseite","item":"https:\/\/www.impulsevent.com\/"},{"@type":"ListItem","position":2,"name":"Incentives auf Abstand"}]},{"@type":"WebSite","@id":"https:\/\/www.impulsevent.com\/#website","url":"https:\/\/www.impulsevent.com\/","name":"impulsevent","description":"ERLEBBARE IDEEN, DER RICHTIGE IMPULS. IMPULSEVENT BIELEFELD","publisher":{"@id":"https:\/\/www.impulsevent.com\/#organization"},"potentialAction":[{"@type":"SearchAction","target":{"@type":"EntryPoint","urlTemplate":"https:\/\/www.impulsevent.com\/?s={search_term_string}"},"query-input":"required name=search_term_string"}],"inLanguage":"en-US"},{"@type":"Organization","@id":"https:\/\/www.impulsevent.com\/#organization","name":"impuls|event GmbH & Co. KG","url":"https:\/\/www.impulsevent.com\/","logo":{"@type":"ImageObject","inLanguage":"en-US","@id":"https:\/\/www.impulsevent.com\/#\/schema\/logo\/image\/","url":"https:\/\/www.impulsevent.com\/wp-content\/uploads\/2014\/04\/impulsevent-marketing-sport-events.png","contentUrl":"https:\/\/www.impulsevent.com\/wp-content\/uploads\/2014\/04\/impulsevent-marketing-sport-events.png","width":282,"height":65,"caption":"impuls|event GmbH & Co. KG"},"image":{"@id":"https:\/\/www.impulsevent.com\/#\/schema\/logo\/image\/"}}]}},"_links":{"self":[{"href":"https:\/\/www.impulsevent.com\/en\/wp-json\/wp\/v2\/pages\/2472"}],"collection":[{"href":"https:\/\/www.impulsevent.com\/en\/wp-json\/wp\/v2\/pages"}],"about":[{"href":"https:\/\/www.impulsevent.com\/en\/wp-json\/wp\/v2\/types\/page"}],"author":[{"embeddable":true,"href":"https:\/\/www.impulsevent.com\/en\/wp-json\/wp\/v2\/users\/1"}],"replies":[{"embeddable":true,"href":"https:\/\/www.impulsevent.com\/en\/wp-json\/wp\/v2\/comments?post=2472"}],"version-history":[{"count":10,"href":"https:\/\/www.impulsevent.com\/en\/wp-json\/wp\/v2\/pages\/2472\/revisions"}],"predecessor-version":[{"id":2775,"href":"https:\/\/www.impulsevent.com\/en\/wp-json\/wp\/v2\/pages\/2472\/revisions\/2775"}],"wp:attachment":[{"href":"https:\/\/www.impulsevent.com\/en\/wp-json\/wp\/v2\/media?parent=2472"}],"curies":[{"name":"wp","href":"https:\/\/api.w.org\/{rel}","templated":true}]}}