{"id":2211,"date":"2020-03-30T11:17:15","date_gmt":"2020-03-30T09:17:15","guid":{"rendered":"https:\/\/www.impulsevent.com\/business-zielgruppe-marke-unternehmenskommunikation-corporate-event-promotion-kick-off-messe-copy\/"},"modified":"2020-12-14T12:48:48","modified_gmt":"2020-12-14T10:48:48","slug":"promotion-verkaufsfoerderung-posmarketing-messe","status":"publish","type":"page","link":"https:\/\/www.impulsevent.com\/en\/promotion-verkaufsfoerderung-posmarketing-messe\/","title":{"rendered":"Sichtbar, kompetent <br>und am Puls des Geschehens"},"content":{"rendered":"<p>Um mit einer Promotion herauszustechen und ihren Kunden positiv in Erinnerung zu bleiben ist neben einer guten Idee das richtige Personal ein entscheidender Faktor.<br \/>\nDie Begegnung mit ihrer Marke wird zu einem positiven Erlebnis und bleibt im Ged\u00e4chtnis, wenn die Ansprache stimmt.<br \/>\nErkl\u00e4rungsbed\u00fcrftige Produkte lassen sich mit geschultem Personal in wenigen Worten und einem L\u00e4cheln sympathisch in Szene setzen.<br \/>\nWir helfen Ihnen aber nicht nur mit dem passenden Personal weiter sondern unterst\u00fctzen Sie auch gern bei der Konzeption und Ideenfindung.<br \/>\nUnkompliziert, mit einem hohen Ma\u00df an Empathie und immer am Puls des Geschehens, entsteht so ein authentisches Produkterlebnis.<br \/>\nUnsere Promoter h\u00e4ndigen nicht nur ein Produktsample aus, Sie finden Ihre Zielgruppe zur richtigen Zeit, am richtigen Ort.<br \/>\nOb auf der Stra\u00dfe, am POS oder einer Messe, mit interaktiver Verkaufsf\u00f6rderung wird jedes Parkett zu Ihrer B\u00fchne.<\/p>\n<ul>\n<li>Hand to Hand Promotion<\/li>\n<li>Messeauftritte<\/li>\n<li>POS-Promotion<\/li>\n<li>Gewinnspielaktionen<\/li>\n<li>Verkostungen<\/li>\n<li>Produktanwendungen<\/li>\n<li>Kundenbindungsprogramme<\/li>\n<\/ul>\n","protected":false},"excerpt":{"rendered":"<p>Um mit einer Promotion herauszustechen und ihren Kunden positiv in Erinnerung zu bleiben ist neben einer guten Idee das richtige Personal ein entscheidender Faktor. Die Begegnung mit ihrer Marke wird zu einem positiven Erlebnis und bleibt im Ged\u00e4chtnis, wenn die Ansprache stimmt. Erkl\u00e4rungsbed\u00fcrftige Produkte lassen sich mit geschultem Personal in wenigen Worten und einem L\u00e4cheln [&hellip;]<\/p>\n","protected":false},"author":1,"featured_media":0,"parent":0,"menu_order":6,"comment_status":"open","ping_status":"open","template":"","meta":{"footnotes":""},"yoast_head":"<!-- This site is optimized with the Yoast SEO plugin v21.7 - https:\/\/yoast.com\/wordpress\/plugins\/seo\/ -->\n<title>Promotion &amp; Verkaufsf\u00f6rderung - Messemarketing mit Impulsevent<\/title>\n<meta name=\"description\" content=\"impulsevent ist Experte f\u00fcr die Konzeption von Corporate Events, Promotion-Eins\u00e4tzen, Sampling, sowie Messebetreuung.\" \/>\n<meta name=\"robots\" content=\"index, follow, max-snippet:-1, max-image-preview:large, max-video-preview:-1\" \/>\n<link rel=\"canonical\" href=\"https:\/\/www.impulsevent.com\/en\/promotion-verkaufsfoerderung-posmarketing-messe\/\" \/>\n<meta property=\"og:locale\" content=\"en_US\" \/>\n<meta property=\"og:type\" content=\"article\" \/>\n<meta property=\"og:title\" content=\"Promotion &amp; Verkaufsf\u00f6rderung - Messemarketing mit Impulsevent\" \/>\n<meta property=\"og:description\" content=\"impulsevent ist Experte f\u00fcr die Konzeption von Corporate Events, Promotion-Eins\u00e4tzen, Sampling, sowie Messebetreuung.\" \/>\n<meta property=\"og:url\" content=\"https:\/\/www.impulsevent.com\/en\/promotion-verkaufsfoerderung-posmarketing-messe\/\" \/>\n<meta property=\"og:site_name\" content=\"impulsevent\" \/>\n<meta property=\"article:modified_time\" content=\"2020-12-14T10:48:48+00:00\" \/>\n<meta name=\"twitter:label1\" content=\"Est. reading time\" \/>\n\t<meta name=\"twitter:data1\" content=\"1 minute\" \/>\n<script type=\"application\/ld+json\" class=\"yoast-schema-graph\">{\"@context\":\"https:\/\/schema.org\",\"@graph\":[{\"@type\":\"WebPage\",\"@id\":\"https:\/\/www.impulsevent.com\/en\/promotion-verkaufsfoerderung-posmarketing-messe\/\",\"url\":\"https:\/\/www.impulsevent.com\/en\/promotion-verkaufsfoerderung-posmarketing-messe\/\",\"name\":\"Promotion & Verkaufsf\u00f6rderung - Messemarketing mit Impulsevent\",\"isPartOf\":{\"@id\":\"https:\/\/www.impulsevent.com\/#website\"},\"datePublished\":\"2020-03-30T09:17:15+00:00\",\"dateModified\":\"2020-12-14T10:48:48+00:00\",\"description\":\"impulsevent ist Experte f\u00fcr die Konzeption von Corporate Events, Promotion-Eins\u00e4tzen, Sampling, sowie Messebetreuung.\",\"breadcrumb\":{\"@id\":\"https:\/\/www.impulsevent.com\/en\/promotion-verkaufsfoerderung-posmarketing-messe\/#breadcrumb\"},\"inLanguage\":\"en-US\",\"potentialAction\":[{\"@type\":\"ReadAction\",\"target\":[\"https:\/\/www.impulsevent.com\/en\/promotion-verkaufsfoerderung-posmarketing-messe\/\"]}]},{\"@type\":\"BreadcrumbList\",\"@id\":\"https:\/\/www.impulsevent.com\/en\/promotion-verkaufsfoerderung-posmarketing-messe\/#breadcrumb\",\"itemListElement\":[{\"@type\":\"ListItem\",\"position\":1,\"name\":\"Startseite\",\"item\":\"https:\/\/www.impulsevent.com\/\"},{\"@type\":\"ListItem\",\"position\":2,\"name\":\"Sichtbar, kompetent und am Puls des Geschehens\"}]},{\"@type\":\"WebSite\",\"@id\":\"https:\/\/www.impulsevent.com\/#website\",\"url\":\"https:\/\/www.impulsevent.com\/\",\"name\":\"impulsevent\",\"description\":\"ERLEBBARE IDEEN, DER RICHTIGE IMPULS. IMPULSEVENT BIELEFELD\",\"publisher\":{\"@id\":\"https:\/\/www.impulsevent.com\/#organization\"},\"potentialAction\":[{\"@type\":\"SearchAction\",\"target\":{\"@type\":\"EntryPoint\",\"urlTemplate\":\"https:\/\/www.impulsevent.com\/?s={search_term_string}\"},\"query-input\":\"required name=search_term_string\"}],\"inLanguage\":\"en-US\"},{\"@type\":\"Organization\",\"@id\":\"https:\/\/www.impulsevent.com\/#organization\",\"name\":\"impuls|event GmbH & Co. KG\",\"url\":\"https:\/\/www.impulsevent.com\/\",\"logo\":{\"@type\":\"ImageObject\",\"inLanguage\":\"en-US\",\"@id\":\"https:\/\/www.impulsevent.com\/#\/schema\/logo\/image\/\",\"url\":\"https:\/\/www.impulsevent.com\/wp-content\/uploads\/2014\/04\/impulsevent-marketing-sport-events.png\",\"contentUrl\":\"https:\/\/www.impulsevent.com\/wp-content\/uploads\/2014\/04\/impulsevent-marketing-sport-events.png\",\"width\":282,\"height\":65,\"caption\":\"impuls|event GmbH & Co. KG\"},\"image\":{\"@id\":\"https:\/\/www.impulsevent.com\/#\/schema\/logo\/image\/\"}}]}<\/script>\n<!-- \/ Yoast SEO plugin. -->","yoast_head_json":{"title":"Promotion & Verkaufsf\u00f6rderung - Messemarketing mit Impulsevent","description":"impulsevent ist Experte f\u00fcr die Konzeption von Corporate Events, Promotion-Eins\u00e4tzen, Sampling, sowie Messebetreuung.","robots":{"index":"index","follow":"follow","max-snippet":"max-snippet:-1","max-image-preview":"max-image-preview:large","max-video-preview":"max-video-preview:-1"},"canonical":"https:\/\/www.impulsevent.com\/en\/promotion-verkaufsfoerderung-posmarketing-messe\/","og_locale":"en_US","og_type":"article","og_title":"Promotion & Verkaufsf\u00f6rderung - Messemarketing mit Impulsevent","og_description":"impulsevent ist Experte f\u00fcr die Konzeption von Corporate Events, Promotion-Eins\u00e4tzen, Sampling, sowie Messebetreuung.","og_url":"https:\/\/www.impulsevent.com\/en\/promotion-verkaufsfoerderung-posmarketing-messe\/","og_site_name":"impulsevent","article_modified_time":"2020-12-14T10:48:48+00:00","twitter_misc":{"Est. reading time":"1 minute"},"schema":{"@context":"https:\/\/schema.org","@graph":[{"@type":"WebPage","@id":"https:\/\/www.impulsevent.com\/en\/promotion-verkaufsfoerderung-posmarketing-messe\/","url":"https:\/\/www.impulsevent.com\/en\/promotion-verkaufsfoerderung-posmarketing-messe\/","name":"Promotion & Verkaufsf\u00f6rderung - Messemarketing mit Impulsevent","isPartOf":{"@id":"https:\/\/www.impulsevent.com\/#website"},"datePublished":"2020-03-30T09:17:15+00:00","dateModified":"2020-12-14T10:48:48+00:00","description":"impulsevent ist Experte f\u00fcr die Konzeption von Corporate Events, Promotion-Eins\u00e4tzen, Sampling, sowie Messebetreuung.","breadcrumb":{"@id":"https:\/\/www.impulsevent.com\/en\/promotion-verkaufsfoerderung-posmarketing-messe\/#breadcrumb"},"inLanguage":"en-US","potentialAction":[{"@type":"ReadAction","target":["https:\/\/www.impulsevent.com\/en\/promotion-verkaufsfoerderung-posmarketing-messe\/"]}]},{"@type":"BreadcrumbList","@id":"https:\/\/www.impulsevent.com\/en\/promotion-verkaufsfoerderung-posmarketing-messe\/#breadcrumb","itemListElement":[{"@type":"ListItem","position":1,"name":"Startseite","item":"https:\/\/www.impulsevent.com\/"},{"@type":"ListItem","position":2,"name":"Sichtbar, kompetent und am Puls des Geschehens"}]},{"@type":"WebSite","@id":"https:\/\/www.impulsevent.com\/#website","url":"https:\/\/www.impulsevent.com\/","name":"impulsevent","description":"ERLEBBARE IDEEN, DER RICHTIGE IMPULS. IMPULSEVENT BIELEFELD","publisher":{"@id":"https:\/\/www.impulsevent.com\/#organization"},"potentialAction":[{"@type":"SearchAction","target":{"@type":"EntryPoint","urlTemplate":"https:\/\/www.impulsevent.com\/?s={search_term_string}"},"query-input":"required name=search_term_string"}],"inLanguage":"en-US"},{"@type":"Organization","@id":"https:\/\/www.impulsevent.com\/#organization","name":"impuls|event GmbH & Co. KG","url":"https:\/\/www.impulsevent.com\/","logo":{"@type":"ImageObject","inLanguage":"en-US","@id":"https:\/\/www.impulsevent.com\/#\/schema\/logo\/image\/","url":"https:\/\/www.impulsevent.com\/wp-content\/uploads\/2014\/04\/impulsevent-marketing-sport-events.png","contentUrl":"https:\/\/www.impulsevent.com\/wp-content\/uploads\/2014\/04\/impulsevent-marketing-sport-events.png","width":282,"height":65,"caption":"impuls|event GmbH & Co. KG"},"image":{"@id":"https:\/\/www.impulsevent.com\/#\/schema\/logo\/image\/"}}]}},"_links":{"self":[{"href":"https:\/\/www.impulsevent.com\/en\/wp-json\/wp\/v2\/pages\/2211"}],"collection":[{"href":"https:\/\/www.impulsevent.com\/en\/wp-json\/wp\/v2\/pages"}],"about":[{"href":"https:\/\/www.impulsevent.com\/en\/wp-json\/wp\/v2\/types\/page"}],"author":[{"embeddable":true,"href":"https:\/\/www.impulsevent.com\/en\/wp-json\/wp\/v2\/users\/1"}],"replies":[{"embeddable":true,"href":"https:\/\/www.impulsevent.com\/en\/wp-json\/wp\/v2\/comments?post=2211"}],"version-history":[{"count":3,"href":"https:\/\/www.impulsevent.com\/en\/wp-json\/wp\/v2\/pages\/2211\/revisions"}],"predecessor-version":[{"id":2278,"href":"https:\/\/www.impulsevent.com\/en\/wp-json\/wp\/v2\/pages\/2211\/revisions\/2278"}],"wp:attachment":[{"href":"https:\/\/www.impulsevent.com\/en\/wp-json\/wp\/v2\/media?parent=2211"}],"curies":[{"name":"wp","href":"https:\/\/api.w.org\/{rel}","templated":true}]}}